{"id":3,"date":"2019-12-06T14:09:03","date_gmt":"2019-12-06T14:09:03","guid":{"rendered":"http:\/\/we-dare.it\/?page_id=3"},"modified":"2020-03-16T11:53:25","modified_gmt":"2020-03-16T11:53:25","slug":"privacy-policy","status":"publish","type":"page","link":"https:\/\/we-dare.it\/it\/privacy-policy\/","title":{"rendered":"Privacy Policy"},"content":{"rendered":"<div data-elementor-type=\"wp-page\" data-elementor-id=\"3\" class=\"elementor elementor-3\">\n\t\t\t\t\t\t<div class=\"elementor-inner\">\n\t\t\t\t<div class=\"elementor-section-wrap\">\n\t\t\t\t\t\t\t\t\t<section class=\"elementor-section elementor-top-section elementor-element elementor-element-17c547a5 elementor-section-boxed elementor-section-height-default elementor-section-height-default\" data-id=\"17c547a5\" data-element_type=\"section\" data-settings=\"{&quot;jet_parallax_layout_list&quot;:[{&quot;jet_parallax_layout_image&quot;:{&quot;url&quot;:&quot;&quot;,&quot;id&quot;:&quot;&quot;},&quot;_id&quot;:&quot;662640f&quot;,&quot;jet_parallax_layout_image_tablet&quot;:{&quot;url&quot;:&quot;&quot;,&quot;id&quot;:&quot;&quot;},&quot;jet_parallax_layout_image_mobile&quot;:{&quot;url&quot;:&quot;&quot;,&quot;id&quot;:&quot;&quot;},&quot;jet_parallax_layout_speed&quot;:{&quot;unit&quot;:&quot;%&quot;,&quot;size&quot;:50,&quot;sizes&quot;:[]},&quot;jet_parallax_layout_type&quot;:&quot;scroll&quot;,&quot;jet_parallax_layout_direction&quot;:null,&quot;jet_parallax_layout_fx_direction&quot;:null,&quot;jet_parallax_layout_z_index&quot;:&quot;&quot;,&quot;jet_parallax_layout_bg_x&quot;:50,&quot;jet_parallax_layout_bg_y&quot;:50,&quot;jet_parallax_layout_bg_size&quot;:&quot;auto&quot;,&quot;jet_parallax_layout_animation_prop&quot;:&quot;transform&quot;,&quot;jet_parallax_layout_on&quot;:[&quot;desktop&quot;,&quot;tablet&quot;],&quot;jet_parallax_layout_bg_x_tablet&quot;:&quot;&quot;,&quot;jet_parallax_layout_bg_x_mobile&quot;:&quot;&quot;,&quot;jet_parallax_layout_bg_y_tablet&quot;:&quot;&quot;,&quot;jet_parallax_layout_bg_y_mobile&quot;:&quot;&quot;,&quot;jet_parallax_layout_bg_size_tablet&quot;:&quot;&quot;,&quot;jet_parallax_layout_bg_size_mobile&quot;:&quot;&quot;}]}\">\n\t\t\t\t\t\t<div class=\"elementor-container elementor-column-gap-no\">\n\t\t\t\t\t\t\t<div class=\"elementor-row\">\n\t\t\t\t\t<div class=\"elementor-column elementor-col-50 elementor-top-column elementor-element elementor-element-3ba77ab\" data-id=\"3ba77ab\" data-element_type=\"column\">\n\t\t\t<div class=\"elementor-column-wrap elementor-element-populated\">\n\t\t\t\t\t\t\t<div class=\"elementor-widget-wrap\">\n\t\t\t\t\t\t<div class=\"elementor-element elementor-element-55e7fe6 elementor-widget elementor-widget-image\" data-id=\"55e7fe6\" data-element_type=\"widget\" data-settings=\"{&quot;sticky&quot;:&quot;top&quot;,&quot;sticky_on&quot;:[&quot;desktop&quot;,&quot;tablet&quot;],&quot;sticky_offset&quot;:30,&quot;sticky_effects_offset&quot;:0}\" data-widget_type=\"image.default\">\n\t\t\t\t<div class=\"elementor-widget-container\">\n\t\t\t\t\t\t\t\t<div class=\"elementor-image\">\n\t\t\t\t\t\t\t\t\t\t\t\t\t<a href=\"https:\/\/we-dare.it\/it\/home\/\">\n\t\t\t\t\t\t\t<img src=\"https:\/\/we-dare.it\/wp-content\/uploads\/2020\/03\/Logo-DARE-contorni-v2.png\" title=\"Logo-DARE-contorni-v2\" alt=\"Logo-DARE-contorni-v2\" \/>\t\t\t\t\t\t\t\t<\/a>\n\t\t\t\t\t\t\t\t\t\t\t\t\t\t<\/div>\n\t\t\t\t\t\t<\/div>\n\t\t\t\t<\/div>\n\t\t\t\t<div class=\"elementor-element elementor-element-4bf5f00f elementor-widget elementor-widget-text-editor\" data-id=\"4bf5f00f\" data-element_type=\"widget\" data-settings=\"{&quot;sticky&quot;:&quot;top&quot;,&quot;sticky_on&quot;:[&quot;desktop&quot;,&quot;tablet&quot;],&quot;sticky_parent&quot;:&quot;yes&quot;,&quot;sticky_offset&quot;:111,&quot;sticky_effects_offset&quot;:0}\" data-widget_type=\"text-editor.default\">\n\t\t\t\t<div class=\"elementor-widget-container\">\n\t\t\t\t\t\t\t\t<div class=\"elementor-text-editor elementor-clearfix\">\n\t\t\t\t<p><a style=\"color: orange;\">INFORMATIVA PRIVACY <\/a><\/p><p>Sommario<\/p><p><a style=\"color: #ffffff;\" href=\"#bookmark1\">Titolare del trattamento<\/a><\/p><p><a style=\"color: #ffffff;\" href=\"#bookmark2\">Tipologia di dati personali trattati<\/a><\/p><p><a style=\"color: #ffffff;\" href=\"#bookmark3\">Finalit\u00e0 del trattamento e base giuridica<\/a><\/p><p><a style=\"color: #ffffff;\" href=\"#bookmark4\">Conferimento<\/a><\/p><p><a style=\"color: #ffffff;\" href=\"#bookmark5\">Tempi di conservazione<\/a><\/p><p><a style=\"color: #ffffff;\" href=\"#bookmark6\">Destinatari dei dati personali<\/a><\/p><p><a style=\"color: #ffffff;\" href=\"#bookmark\">Trasferimento di dati personali extra-UE<\/a><\/p><p><a style=\"color: #ffffff;\" href=\"#bookmark8\">Diritti dell\u2019interessato<\/a><\/p><p><a style=\"color: #ffffff;\" href=\"#bookmark9\">Il Suo diritto di proporre reclamo<\/a><\/p><p><a style=\"color: #ffffff;\" href=\"#bookmark10\">Modifiche alla presente informativa<\/a><\/p>\t\t\t\t\t<\/div>\n\t\t\t\t\t\t<\/div>\n\t\t\t\t<\/div>\n\t\t\t\t\t\t<\/div>\n\t\t\t\t\t<\/div>\n\t\t<\/div>\n\t\t\t\t<div class=\"elementor-column elementor-col-50 elementor-top-column elementor-element elementor-element-ca02454\" data-id=\"ca02454\" data-element_type=\"column\">\n\t\t\t<div class=\"elementor-column-wrap elementor-element-populated\">\n\t\t\t\t\t\t\t<div class=\"elementor-widget-wrap\">\n\t\t\t\t\t\t<div class=\"elementor-element elementor-element-90d726b elementor-widget elementor-widget-text-editor\" data-id=\"90d726b\" data-element_type=\"widget\" data-widget_type=\"text-editor.default\">\n\t\t\t\t<div class=\"elementor-widget-container\">\n\t\t\t\t\t\t\t\t<div class=\"elementor-text-editor elementor-clearfix\">\n\t\t\t\t<a id=\"bookmark0\" class=\"privacy_text_titles\"><\/a>Gentile Utente,\n\n&nbsp;<br><br>\n\nDARE, ossia Room Zero snc di Pontonutti Emiliana e Minchella Tomaso P.IVA 02907190306, Via San Giovanni 22, 33040 Moimacco (UD) si impegna a rispettare la privacy dell\u2019utente del sito nei termini previsti dalle normative applicabili sulla tutela dei dati personali ed in particolare il Regolamento (UE) 2016\/679 (di seguito \u201cRegolamento\u201d).\nQuesto documento (\u201cPrivacy Policy\u201d) fornisce informazioni sul trattamento dei dati personali raccolti tramite questo sito web (di seguito \u201cSito\u201d) e pertanto costituisce informativa agli interessati ai sensi delle predette normative. L\u2019informativa \u00e8 resa solo per il presente Sito (www.we-dare.it) e non anche per altri siti web eventualmente consultati dall\u2019utente tramite link.<\/a>\n\n&nbsp;<br><br>\n\n<a id=\"bookmark1\" class=\"privacy_text_titles\"><\/a>1. Titolare del Trattamento\n\n&nbsp;<br><br>\n\nIl titolare del trattamento \u00e8 Room Zero snc di Pontonutti Emiliana e Minchella Tomaso P.IVA 02907190306, Via San Giovanni 22, 33040 Moimacco (UD), pu\u00f2 contattare il Titolare del Trattamento al seguente indirizzo email: info@roomzero.it.\n\n&nbsp;<br><br>\n\n<a id=\"bookmark2\" class=\"privacy_text_titles\"><\/a>2. Tipologia di dati personali trattati\n\n&nbsp;<br><br>\n\nLe categorie di dati personali che DARE pu\u00f2 raccogliere durante la navigazione sul sito www-we-dare.it sono le seguenti:\n\n&nbsp;<br><br>\n\na) trattiamo i dati della sua navigazione sul nostro sito www.we-dare.it, cio\u00e8 quelli per i quali la trasmissione al Sito \u00e8 necessaria per il funzionamento dei sistemi informatici preposti alla gestione del Sito e dei protocolli di comunicazione di Internet. In questa categoria di dati rientrano gli indirizzi IP o i nomi a dominio dei computer utilizzati dagli utenti che si connettono al sito, gli indirizzi in notazione URI (Uniform Resource Identifier) delle risorse richieste, l&#8217;orario della richiesta, il metodo utilizzato nel sottoporre la richiesta al server, la dimensione del file ottenuto in risposta, il codice numerico indicante lo stato della risposta data dal server (buon fine, errore, ecc.) ed altri parametri relativi al sistema operativo e all&#8217;ambiente informatico dell&#8217;utente.\nQuesti dati vengono utilizzati al solo fine di ricavare informazioni statistiche anonime sull&#8217;uso del sito e per controllarne il corretto funzionamento e vengono cancellati immediatamente dopo l&#8217;elaborazione. I dati potrebbero essere utilizzati per l&#8217;accertamento di responsabilit\u00e0 in caso di ipotetici reati informatici ai danni del sito.\n\n&nbsp;<br><br>\n\nb) trattiamo i dati personali che ci fornisce (oltre a nome, cognome, email e provincia) per fornirLe le informazioni richieste;\n\n&nbsp;<br><br>\n\nc) utilizziamo i cookie, ossia dei piccoli file di testo che il sito web inserisce nei dispositivi in uso, che siano computer o dispositivi mobili, salvati nelle directory utilizzate dal browser web dell\u2019utente. Vi sono vari tipi di cookie, alcuni per rendere pi\u00f9 efficace l\u2019uso del sito, altri per abilitare determinate funzionalit\u00e0. Per maggiori dettagli consulti la Cookie Policy del sito.\n\n&nbsp;<br><br>\n\n<a id=\"bookmark3\" class=\"privacy_text_titles\"><\/a>3. Finalit\u00e0 del trattamento e base giuridica\n\n&nbsp;<br><br>\n\nI dati saranno trattati per le seguenti finalit\u00e0:\n\n&nbsp;<br><br>\n\na) per il funzionamento dei sistemi informatici preposti alla gestione del Sito. Vengono trattati solo i dati di navigazione, cio\u00e8 quelli per i quali la trasmissione al Sito \u00e8 necessaria per il funzionamento dei sistemi informatici preposti alla gestione del Sito e dei protocolli di comunicazione di Internet. La base giuridica di tali trattamenti \u00e8 l\u2019interesse legittimo del Titolare alla gestione tecnica relativa alla funzionalit\u00e0 ed alla sicurezza del sito.\n\n&nbsp;<br><br>\n\nb) per fornirle assistenza e per rispondere ai Suoi quesiti. La condizione che rende lecito il trattamento \u00e8 costituita dall\u2019esecuzione del contratto di cui Lei \u00e8 parte.\n\n&nbsp;<br><br>\n\n<a id=\"bookmark4\" class=\"privacy_text_titles\"><\/a>4. Conferimento\n\n&nbsp;<br><br>\n\nIl conferimento delle informazioni richieste per le finalit\u00e0 indicate ai punti 3.a), 3.b) \u00e8 obbligatorio per adempiere gli obblighi legali e contrattuali. Lei \u00e8 libero di fornirli e l\u2019eventuale rifiuto a fornirli determiner\u00e0 l\u2019impossibilit\u00e0 per DARE di dare esecuzione al contratto, di gestire le Sue richieste o di svolgere correttamente tutti gli adempimenti previsti dalle normative vigenti.\n\n&nbsp;<br><br>\n\n<a id=\"bookmark5\" class=\"privacy_text_titles\"><\/a>4. Tempi di conservazione\n\n&nbsp;<br><br>\n\nI dati saranno conservati per un periodo di tempo limitato, diverso a seconda del tipo di attivit\u00e0 che prevede il trattamento dei Suoi dati personali. Scaduto tale periodo, i Suoi dati saranno definitivamente cancellati o comunque resi anonimi in via irreversibile. I Suoi dati personali sono conservati nel rispetto dei termini e criteri di seguito specificati:\n\n&nbsp;<br><br>\n\na) dati relativi alla tua richiesta di assistenza vengono conservati sino al soddisfacimento della richiesta.\n\n&nbsp;<br><br>\n\n<a id=\"bookmark6\" class=\"privacy_text_titles\"><\/a>6. Destinatari dei dati personali\n\n&nbsp;<br><br>\n\nI suoi dati personali potranno essere trattati da personale del Titolare, opportunamente formato e impegnato alla riservatezza, o di soggetti terzi che forniscono servizi strumentali alla Societ\u00e0, che agiscono tipicamente in qualit\u00e0 di responsabili del trattamento, quali gestori di servizi di comunicazione, posta elettronica, recapito della corrispondenza, servizi tecnici per la gestione del Sito, fornitori di servizi informatici.\nTali soggetti riceveranno solo i dati necessari alle relative funzioni e si impegneranno a usarli solo per le finalit\u00e0 sopra indicate ed a trattarli nel rispetto della normativa privacy applicabile. L\u2019elenco aggiornato dei responsabili del trattamento \u00e8 disponibile presso le sedi del Titolare e verr\u00e0 fornito a richiesta dell\u2019interessato scrivendo al seguente indirizzo e-mail info@roomzero.it.\n\n&nbsp;<br><br>\n\n<a id=\"bookmark7\" class=\"privacy_text_titles\"><\/a>1. Diritti dell\u2019interessato\n\n&nbsp;<br><br>\n\nLa informiamo inoltre che, relativamente ai dati medesimi, pu\u00f2 esercitare in qualsiasi momento i diritti previsti dal CAPO III del Regolamento. In particolare, Lei ha diritto di chiedere al Titolare l\u2019accesso ai dati che la riguardano, la loro rettifica o la cancellazione, l\u2019integrazione dei dati incompleti, la limitazione del trattamento; di ricevere i dati in un formato strutturato, di uso comune e leggibile da dispositivo automatico; di opporsi in tutto o in parte all\u2019utilizzo dei dati, nonch\u00e9 di esercitare gli altri diritti a Lei riconosciuti dalla disciplina applicabile.\nTali diritti possono essere esercitati scrivendo a mezzo posta ai recapiti sopra indicati oppure tramite posta elettronica al seguente indirizzo e-mail: info@roomzero.it.\n\n&nbsp;<br><br>\n\n<a id=\"bookmark8\" class=\"privacy_text_titles\"><\/a>2. Il Suo diritto di proporre reclamo\n\n&nbsp;<br><br>\n\nSe ritiene che sussista una violazione nel trattamento dei Suoi dati personali, pu\u00f2 proporre reclamo all\u2019Autorit\u00e0 di Controllo del luogo in cui abitualmente risiede, lavora o dove si \u00e8 verificata la presunta violazione, sempre salva la possibilit\u00e0 di adire le opportune sedi giudiziarie (ai sensi dell\u2019art. 79 del Regolamento). La informiamo che in Italia pu\u00f2 proporre reclamo presso l\u2019Autorit\u00e0 Garante per la Protezione dei Dati (www.garanteprivacy.it).\n\n&nbsp;<br><br>\n\n<a id=\"bookmark9\" class=\"privacy_text_titles\"><\/a>3. Modifiche alla presente informativa\n\n&nbsp;<br><br>\n\nL\u2019evoluzione dei nostri servizi pu\u00f2 comportare modifiche alla presente informativa. Di conseguenza questa informativa privacy potr\u00e0 subire modifiche e integrazioni nel corso del tempo, le quali potrebbero anche essere necessarie in riferimento a nuovi interventi normativi in materia di protezione dei dati personali.\nLa invitiamo, pertanto, a verificarne periodicamente i contenuti.\nLa versione aggiornata dell\u2019informativa privacy, in ogni caso, sar\u00e0 pubblicata in questa pagina, con indicazione della data del suo ultimo aggiornamento.\t\t\t\t\t<\/div>\n\t\t\t\t\t\t<\/div>\n\t\t\t\t<\/div>\n\t\t\t\t\t\t<\/div>\n\t\t\t\t\t<\/div>\n\t\t<\/div>\n\t\t\t\t\t\t\t\t<\/div>\n\t\t\t\t\t<\/div>\n\t\t<\/section>\n\t\t\t\t\t\t\t\t\t<\/div>\n\t\t\t<\/div>\n\t\t\t\t\t<\/div>","protected":false},"excerpt":{"rendered":"<p>INFORMATIVA PRIVACY Sommario Titolare del trattamento Tipologia di dati personali trattati Finalit\u00e0 del trattamento e base giuridica Conferimento Tempi di conservazione Destinatari dei dati personali Trasferimento di dati personali extra-UE Diritti dell\u2019interessato Il Suo diritto di proporre reclamo Modifiche alla presente informativa Gentile Utente, &nbsp; DARE, ossia Room Zero snc di Pontonutti Emiliana e Minchella [&hellip;]<\/p>","protected":false},"author":1,"featured_media":0,"parent":0,"menu_order":0,"comment_status":"closed","ping_status":"open","template":"elementor_canvas","meta":[],"_links":{"self":[{"href":"https:\/\/we-dare.it\/it\/wp-json\/wp\/v2\/pages\/3"}],"collection":[{"href":"https:\/\/we-dare.it\/it\/wp-json\/wp\/v2\/pages"}],"about":[{"href":"https:\/\/we-dare.it\/it\/wp-json\/wp\/v2\/types\/page"}],"author":[{"embeddable":true,"href":"https:\/\/we-dare.it\/it\/wp-json\/wp\/v2\/users\/1"}],"replies":[{"embeddable":true,"href":"https:\/\/we-dare.it\/it\/wp-json\/wp\/v2\/comments?post=3"}],"version-history":[{"count":19,"href":"https:\/\/we-dare.it\/it\/wp-json\/wp\/v2\/pages\/3\/revisions"}],"predecessor-version":[{"id":796,"href":"https:\/\/we-dare.it\/it\/wp-json\/wp\/v2\/pages\/3\/revisions\/796"}],"wp:attachment":[{"href":"https:\/\/we-dare.it\/it\/wp-json\/wp\/v2\/media?parent=3"}],"curies":[{"name":"wp","href":"https:\/\/api.w.org\/{rel}","templated":true}]}}